{"id":93,"date":"2014-01-16T18:19:50","date_gmt":"2014-01-16T18:19:50","guid":{"rendered":"http:\/\/www.granlyboligsameie.no\/?page_id=93"},"modified":"2021-02-23T11:12:31","modified_gmt":"2021-02-23T09:12:31","slug":"nokler","status":"publish","type":"page","link":"https:\/\/www.granlyboligsameie.no\/?page_id=93","title":{"rendered":"Vanlige sp\u00f8rsm\u00e5l"},"content":{"rendered":"<p><strong>Hvordan henvender jeg meg til styret?<\/strong><\/p>\n<p><em><em>For sp\u00f8rsm\u00e5l du ikke finner svar p\u00e5 under &#8220;Vanlige sp\u00f8rsm\u00e5l&#8221;, kan du henvende deg til styret\u00a0<\/em>pr epost, se &#8220;Kontakt oss&#8221; for videre informasjon.<\/em><\/p>\n<p><em>Klager skal levers skriftlig til styret pr epost. Se &#8220;Kontakt oss&#8221;.\u00a0<\/em><\/p>\n<p><strong>Hvor f\u00e5r jeg tak i n\u00f8kler?<\/strong><\/p>\n<p><em>N\u00f8kler til Hovedinngangsd\u00f8r nede m\u00e5 bestilles via Gunn Korsb\u00f8en i styret.<\/em><br \/>\n<em> N\u00f8kler til hver enkelt leilighet er det eier som m\u00e5 bes\u00f8rge.<\/em><br \/>\n<em> Garasje\u00e5pner kan bestilles \/ kj\u00f8pes av Gunn Korsb\u00f8en i styret. Betales kontant. Koster Kr 850,-<\/em><br \/>\n<em> N\u00f8kler til trimrom f\u00e5es kj\u00f8pt av Gunn Korsb\u00f8en i styret.<\/em><\/p>\n<p><strong>Hva gj\u00f8r jeg om garasjeporten ikke \u00e5pner \/ lukker seg?<\/strong><\/p>\n<p><em><span style=\"line-height: 1.5em;\">Garasjeporter &#8211; ved problemer med disse m\u00e5 blokktilitsvalgt kontaktes.<\/span><\/em><\/p>\n<p><strong>S\u00f8ppel<\/strong><\/p>\n<ul>\n<li><em>Vanlig restavfall legges i s\u00f8ppeldunker merket Restavfall ved hver blokk. Ikke plasser poser eller annet avfall utenfor s\u00f8ppeldunker.<\/em><\/li>\n<li><em>Papir &#8211; legges i konteiner ved Myrvn. 41.<\/em><\/li>\n<li><em>Plast &#8211;\u00a0Returpunktet for plast er n\u00e5 ved avfallstasjonen vis a vi Ski stasjon.<br \/>\nDe som ikke f\u00e5r levert plast der, m\u00e5 kaste plastavfall i Restafallsconteinerne vi har i sameiet.<\/em><\/li>\n<li><em>Glass og metall &#8211; legges i konteiner ved Myrvn. 41.<\/em><\/li>\n<li><em>Elektriske artikler, batterier, TV&#8217;er etc. &#8211; l<\/em><\/li>\n<li style=\"display: inline !important;\"><em>everes i en butikk som tar i mot dette. Eksempelvis har expert og Elkj\u00f8p returpunkter for dette.<\/em><\/li>\n<li><em>Annet avfall, stoler, bord, etc. kan plasseres i konteiner mellom Myrvn. 41 og Skogveien 36. N\u00f8kkel kan l\u00e5nes av blokktillitsvalgt. Gi beskjed dersom konteiner er full, s\u00e5 den kan t\u00f8mmes.\u00a0<\/em><em>Ikke sett ting utenfor konteinere! Bruk sunn fornuft. Har du mye \u00e5 kaste bruk B\u00f8lstad gjenvinningsstasjon (http:\/\/www.folloren.no\/boelstad-gjenvinningsstasjon.287757.no.html).<\/em><\/li>\n<\/ul>\n<p><strong style=\"line-height: 1.5em;\">Hva gj\u00f8r jeg om jeg ikke har garasjeplass eller bod og \u00f8nsker dette?<\/strong><\/p>\n<p><em>Garasjeplasser f\u00f8lger leilighetene. Det samme gjelder bod. I Myrveien 39 f\u00f8lger ikke og bod og garasjeplass automatisk med alle leilighetene. Dersom man ikke har garasjeplass eller bod m\u00e5 man sette opp et oppslag om at man \u00f8nsker \u00e5 leie dette p\u00e5 tavlen i oppgangen man bor i.<\/em><\/p>\n<p><strong>Hva gj\u00f8r jeg n\u00e5r lyset i oppgangen ikke virker?<\/strong><\/p>\n<p><em>Om lys i oppgang, kjellergang eller garasje ikke virker kontakt blokktillitsvalgt.<\/em><\/p>\n<p><strong>Jeg er ny og \u00f8nsker \u00e5 bytte navn p\u00e5 ringeklokken i oppgangen. Hva gj\u00f8r jeg da?<\/strong><\/p>\n<p><em>Da fyller du ut skjema under og leverer det til Ski Elektriske i Sandervegen 2 &#8211; 1400 Ski,\u00a0eller send inn p\u00e5 epost til\u00a0firmapost@skiel.no<\/em><\/p>\n<p><a href=\"http:\/\/www.granlyboligsameie.no\/wp-content\/uploads\/2021\/02\/Granly-Boligsameie-Skiltbestilling-Ringetabla\u030a-16.02.21.pdf\">Granly Boligsameie &#8211; Bestilling av navneskilt ved endringer<\/a><\/p>\n<p><b>Kj\u00f8p og salg av leilighet<\/b><\/p>\n<p>info om energimerking finnes her:\u00a0http:\/\/www.energimerking.no\/<\/p>\n<p><strong>Hva er slik bor vi og hvor finner jeg det?<\/strong><br \/>\n<em>Slik bor vi er Vedtektene til sameiet og du finner de her (link)<\/em><br \/>\n<em>Eierseksjonsloven. http:\/\/lovdata.no\/dokument\/NL\/lov\/1997-05-23-31<\/em><\/p>\n","protected":false},"excerpt":{"rendered":"<p>Hvordan henvender jeg meg til styret? For sp\u00f8rsm\u00e5l du ikke finner svar p\u00e5 under &#8220;Vanlige sp\u00f8rsm\u00e5l&#8221;, kan du henvende deg til styret\u00a0pr epost, se &#8220;Kontakt oss&#8221; for videre informasjon. Klager skal levers skriftlig til styret pr epost. Se &#8220;Kontakt oss&#8221;.\u00a0 Hvor f\u00e5r jeg tak i n\u00f8kler? N\u00f8kler til Hovedinngangsd\u00f8r nede m\u00e5 bestilles via Gunn Korsb\u00f8en [&hellip;]<\/p>\n","protected":false},"author":1,"featured_media":0,"parent":0,"menu_order":0,"comment_status":"closed","ping_status":"open","template":"","meta":{"footnotes":""},"class_list":["post-93","page","type-page","status-publish","hentry","author-admin"],"_links":{"self":[{"href":"https:\/\/www.granlyboligsameie.no\/index.php?rest_route=\/wp\/v2\/pages\/93"}],"collection":[{"href":"https:\/\/www.granlyboligsameie.no\/index.php?rest_route=\/wp\/v2\/pages"}],"about":[{"href":"https:\/\/www.granlyboligsameie.no\/index.php?rest_route=\/wp\/v2\/types\/page"}],"author":[{"embeddable":true,"href":"https:\/\/www.granlyboligsameie.no\/index.php?rest_route=\/wp\/v2\/users\/1"}],"replies":[{"embeddable":true,"href":"https:\/\/www.granlyboligsameie.no\/index.php?rest_route=%2Fwp%2Fv2%2Fcomments&post=93"}],"version-history":[{"count":15,"href":"https:\/\/www.granlyboligsameie.no\/index.php?rest_route=\/wp\/v2\/pages\/93\/revisions"}],"predecessor-version":[{"id":607,"href":"https:\/\/www.granlyboligsameie.no\/index.php?rest_route=\/wp\/v2\/pages\/93\/revisions\/607"}],"wp:attachment":[{"href":"https:\/\/www.granlyboligsameie.no\/index.php?rest_route=%2Fwp%2Fv2%2Fmedia&parent=93"}],"curies":[{"name":"wp","href":"https:\/\/api.w.org\/{rel}","templated":true}]}}