{"id":78,"date":"2014-01-16T18:00:14","date_gmt":"2014-01-16T18:00:14","guid":{"rendered":"http:\/\/www.granlyboligsameie.no\/?page_id=78"},"modified":"2014-10-07T12:04:58","modified_gmt":"2014-10-07T12:04:58","slug":"prosjekter","status":"publish","type":"page","link":"https:\/\/www.granlyboligsameie.no\/?page_id=78","title":{"rendered":"Prosjekter"},"content":{"rendered":"<p><a href=\"http:\/\/www.granlyboligsameie.no\/wp-content\/uploads\/2014\/01\/alliero_logo.jpg\"><img loading=\"lazy\" decoding=\"async\" class=\"alignnone size-full wp-image-90\" alt=\"alliero_logo\" src=\"http:\/\/www.granlyboligsameie.no\/wp-content\/uploads\/2014\/01\/alliero_logo.jpg\" width=\"240\" height=\"52\" \/><\/a><\/p>\n<p style=\"text-align: left;\">Vi kommer til \u00e5 legge ut informasjon om rehabilitering og drenering fortl\u00f8pende etter oppdatering fra entrepren\u00f8r gjennom prosjektperioden. Disse vil du finne under nyheter. Entrepren\u00f8ren er Alliero AS &#8211; www.alliero.no<\/p>\n<p>&nbsp;<\/p>\n<p style=\"text-align: left;\"><strong><span style=\"line-height: 1.5em;\">Betongrehabilitering\/ drenering<\/span><\/strong><\/p>\n<p>Se vedlagte dokument fra OBOS Prosjekt AS for mer detaljert informasjon om prosjektet.<\/p>\n<p>&nbsp;<\/p>\n<p>Status:<\/p>\n<p>Prosjektet er n\u00e5 inne i anbudsfasen. Styret har, igjen, valgt Handelsbanken i<\/p>\n<p>Ski som finansieringspartner og vi har f\u00e5tt gode betingelser p\u00e5 refinansieringen.<\/p>\n<p>L\u00e5netopptaket ble godkjent i sameierm\u00f8te 18. mars i \u00e5r.<\/p>\n<p>Prosjektets oppstart er noe usikker i skrivende stund, men vi har som m\u00e5l \u00e5 komme i<\/p>\n<p>gang s\u00e5 raskt som mulig og senest rett over ny\u00e5ret. Hvor lang prosjektfasen kan bli er<\/p>\n<p>i dag vanskelig \u00e5 si, men vi \u00f8nsker \u00e5 f\u00e5 utf\u00f8rt kvalitetsarbeid.<\/p>\n<p>Styret f\u00f8lger opp dette og kommer tilbake til fremdriftsplanen n\u00e5r den\u00a0er klar.<\/p>\n<p>&nbsp;<\/p>\n<p>Alle utomhus arealer (asfalt, gangveier, gress, kantstein, blomsterbed, tr\u00e6r,<\/p>\n<p>beplantning etc.) vil bli tilbakestilt til opprinnelig stand i avslutningsfasen av<\/p>\n<p>prosjektet. Kanskje det til og med blir enda finere enn det var fra f\u00f8r J<\/p>\n<p>Styret skal i s\u00e5 stor grad som mulig holde alle eiere\/ beboere orientert gjennom<\/p>\n<p>prosjektet og vi regner med alles forst\u00e5else og t\u00e5lmodighet i prosjektfasen.<\/p>\n<p>Det vil bli m\u00f8kkete, anleggstrafikk, noe st\u00f8y p\u00e5 dagtid og midlertidige ordninger under<\/p>\n<p>prosjektet, men vi er 100% sikre p\u00e5 at resultatet vil v\u00e6re av sv\u00e6rt stor betydning for<\/p>\n<p>bevaring av bygningsmassen v\u00e5r og det er jo noe alle nyter godt av i sameiet.<\/p>\n<p>Midlertidig parkering vil bli etablert all den tid garasjene er utilgjengelige. Hvor, er ikke<\/p>\n<p>avklart i skrivende stund. Styret kommer tilbake med informasjon om dette s\u00e5 snart<\/p>\n<p>avklaring har funnet sted.<\/p>\n<p>&nbsp;<\/p>\n<p>Ved sp\u00f8rsm\u00e5l kan f\u00f8lgende personer kontaktes p\u00e5 :<\/p>\n<p>Generelle sp\u00f8rsm\u00e5l Styreleder Morten Roness<\/p>\n<p>Generelle sp\u00f8rsm\u00e5l Nestleder Gunn Korsb\u00f8en<\/p>\n","protected":false},"excerpt":{"rendered":"<p>Vi kommer til \u00e5 legge ut informasjon om rehabilitering og drenering fortl\u00f8pende etter oppdatering fra entrepren\u00f8r gjennom prosjektperioden. Disse vil du finne under nyheter. Entrepren\u00f8ren er Alliero AS &#8211; www.alliero.no &nbsp; Betongrehabilitering\/ drenering Se vedlagte dokument fra OBOS Prosjekt AS for mer detaljert informasjon om prosjektet. &nbsp; Status: Prosjektet er n\u00e5 inne i anbudsfasen. Styret [&hellip;]<\/p>\n","protected":false},"author":1,"featured_media":0,"parent":0,"menu_order":0,"comment_status":"closed","ping_status":"open","template":"","meta":{"footnotes":""},"class_list":["post-78","page","type-page","status-publish","hentry","author-admin"],"_links":{"self":[{"href":"https:\/\/www.granlyboligsameie.no\/index.php?rest_route=\/wp\/v2\/pages\/78"}],"collection":[{"href":"https:\/\/www.granlyboligsameie.no\/index.php?rest_route=\/wp\/v2\/pages"}],"about":[{"href":"https:\/\/www.granlyboligsameie.no\/index.php?rest_route=\/wp\/v2\/types\/page"}],"author":[{"embeddable":true,"href":"https:\/\/www.granlyboligsameie.no\/index.php?rest_route=\/wp\/v2\/users\/1"}],"replies":[{"embeddable":true,"href":"https:\/\/www.granlyboligsameie.no\/index.php?rest_route=%2Fwp%2Fv2%2Fcomments&post=78"}],"version-history":[{"count":19,"href":"https:\/\/www.granlyboligsameie.no\/index.php?rest_route=\/wp\/v2\/pages\/78\/revisions"}],"predecessor-version":[{"id":170,"href":"https:\/\/www.granlyboligsameie.no\/index.php?rest_route=\/wp\/v2\/pages\/78\/revisions\/170"}],"wp:attachment":[{"href":"https:\/\/www.granlyboligsameie.no\/index.php?rest_route=%2Fwp%2Fv2%2Fmedia&parent=78"}],"curies":[{"name":"wp","href":"https:\/\/api.w.org\/{rel}","templated":true}]}}