{"id":74,"date":"2014-01-16T17:58:29","date_gmt":"2014-01-16T17:58:29","guid":{"rendered":"http:\/\/www.granlyboligsameie.no\/?page_id=74"},"modified":"2022-04-04T08:54:57","modified_gmt":"2022-04-04T06:54:57","slug":"styret","status":"publish","type":"page","link":"https:\/\/www.granlyboligsameie.no\/?page_id=74","title":{"rendered":"Styret i Granly boligsameie 2022 \/ 2023"},"content":{"rendered":"<h3>Styreleder &nbsp; &nbsp; &nbsp; &nbsp;Morten Roness &nbsp; &nbsp; 91 31 41 62<\/h3>\n<p><!--more--><\/p>\n<p>Nestleder Gunn Korsb\u00f8en Myrvn. 41A&nbsp;920 24&nbsp;514<br \/>\nSekret\u00e6r Gro Tronvold Myrvn. 37 A 408 75 305<br \/>\nStyremedlem Petter Knutsen Skogvn. 36 B 917 07 042<br \/>\nStyremedlem Anne Berit Lerfald Myrveien 41D 92262599<\/p>\n<p>Forretningsf\u00f8rer&nbsp;&nbsp;&nbsp;&nbsp;&nbsp;&nbsp; OBOS eiendomsforvaltning &nbsp; &nbsp; &nbsp; &nbsp; &nbsp; &nbsp; &nbsp; &nbsp; &nbsp; &nbsp;22 86 54 46<\/p>\n<p>(v\/Mona Kvandahl)<\/p>\n<p>Alle n\u00f8kler f\u00e5s kj\u00f8pt hos Gunn Korsb\u00f8en .<\/p>\n<p><strong>N\u00f8kkel til sameiets kontainer kan l\u00e5nes hos medlemmer av styret.<\/strong><\/p>\n","protected":false},"excerpt":{"rendered":"<p>Styreleder &nbsp; &nbsp; &nbsp; &nbsp;Morten Roness &nbsp; &nbsp; 91 31 41 62<\/p>\n","protected":false},"author":1,"featured_media":0,"parent":0,"menu_order":0,"comment_status":"closed","ping_status":"open","template":"","meta":{"footnotes":""},"class_list":["post-74","page","type-page","status-publish","hentry","author-admin"],"_links":{"self":[{"href":"https:\/\/www.granlyboligsameie.no\/index.php?rest_route=\/wp\/v2\/pages\/74"}],"collection":[{"href":"https:\/\/www.granlyboligsameie.no\/index.php?rest_route=\/wp\/v2\/pages"}],"about":[{"href":"https:\/\/www.granlyboligsameie.no\/index.php?rest_route=\/wp\/v2\/types\/page"}],"author":[{"embeddable":true,"href":"https:\/\/www.granlyboligsameie.no\/index.php?rest_route=\/wp\/v2\/users\/1"}],"replies":[{"embeddable":true,"href":"https:\/\/www.granlyboligsameie.no\/index.php?rest_route=%2Fwp%2Fv2%2Fcomments&post=74"}],"version-history":[{"count":35,"href":"https:\/\/www.granlyboligsameie.no\/index.php?rest_route=\/wp\/v2\/pages\/74\/revisions"}],"predecessor-version":[{"id":619,"href":"https:\/\/www.granlyboligsameie.no\/index.php?rest_route=\/wp\/v2\/pages\/74\/revisions\/619"}],"wp:attachment":[{"href":"https:\/\/www.granlyboligsameie.no\/index.php?rest_route=%2Fwp%2Fv2%2Fmedia&parent=74"}],"curies":[{"name":"wp","href":"https:\/\/api.w.org\/{rel}","templated":true}]}}